{"id":1112,"date":"2012-08-07T17:50:48","date_gmt":"2012-08-07T17:50:48","guid":{"rendered":"https:\/\/www.joventaoista.org\/?page_id=1112"},"modified":"2022-06-11T17:09:38","modified_gmt":"2022-06-11T17:09:38","slug":"emisora","status":"publish","type":"page","link":"https:\/\/www.joventaoista.org\/eo\/emisora\/","title":{"rendered":"Emisora"},"content":{"rendered":"<p>[et_pb_section fb_built=&#8221;1&#8243; admin_label=&#8221;Header&#8221; _builder_version=&#8221;3.26.4&#8243; saved_tabs=&#8221;all&#8221; locked=&#8221;off&#8221; global_colors_info=&#8221;{}&#8221;][et_pb_row column_structure=&#8221;1_2,1_2&#8243; make_equal=&#8221;on&#8221; _builder_version=&#8221;4.9.11&#8243; global_colors_info=&#8221;{}&#8221;][et_pb_column type=&#8221;1_2&#8243; _builder_version=&#8221;3.26.4&#8243; global_colors_info=&#8221;{}&#8221;][et_pb_text _builder_version=&#8221;4.9.11&#8243; text_font=&#8221;||||||||&#8221; text_font_size=&#8221;16px&#8221; text_line_height=&#8221;2em&#8221; header_font=&#8221;Abril Fatface||||||||&#8221; header_font_size=&#8221;80px&#8221; header_line_height=&#8221;0.9em&#8221; header_2_font=&#8221;Abril Fatface||||||||&#8221; header_2_font_size=&#8221;56px&#8221; header_2_line_height=&#8221;1.1em&#8221; max_width=&#8221;640px&#8221; text_font_size_tablet=&#8221;&#8221; text_font_size_phone=&#8221;14px&#8221; text_font_size_last_edited=&#8221;on|desktop&#8221; text_line_height_tablet=&#8221;&#8221; text_line_height_phone=&#8221;1.6em&#8221; text_line_height_last_edited=&#8221;on|desktop&#8221; header_font_size_tablet=&#8221;54px&#8221; header_font_size_phone=&#8221;34px&#8221; header_font_size_last_edited=&#8221;on|phone&#8221; header_2_font_size_tablet=&#8221;36px&#8221; header_2_font_size_phone=&#8221;24px&#8221; header_2_font_size_last_edited=&#8221;on|phone&#8221; locked=&#8221;off&#8221; global_colors_info=&#8221;{}&#8221;]<\/p>\n<h1>Emisora Joven Tao\u00edsta<\/h1>\n<p>La emisora Joven Taoista es un espacio donde puedes encontrar la sabidur\u00eda Tao\u00edsta entregada por el Maestro Jah Kelium Zeus Induzeus, el Maestro Samael Joav Bathor Wehor siempre con el \u00e1nimo de mejorar la vida de los seres humanos, en su relaci\u00f3n con la naturaleza y el cosmos, comprender el proceso de la transmigraci\u00f3n de las almas en los mundos, el fluir de la ley eterna en el sendero del Tao, son aspectos que te brindaran una mejor calidad de vida con un criterio donde la ciencia se conjuga con lo m\u00edstico renaciendo constantemente en la conciencia, est\u00e1n todos invitados a deleitarse en el saber Taoista. Cada uno de los portales tiene su propia programaci\u00f3n.<\/p>\n<p>[\/et_pb_text][\/et_pb_column][et_pb_column type=&#8221;1_2&#8243; _builder_version=&#8221;4.9.11&#8243; background_image=&#8221;https:\/\/www.joventaoista.org\/wp-content\/uploads\/2021\/10\/2-emisoras-300&#215;300.jpeg&#8221; global_colors_info=&#8221;{}&#8221;][et_pb_divider show_divider=&#8221;off&#8221; _builder_version=&#8221;3.26.4&#8243; height_tablet=&#8221;300px&#8221; height_phone=&#8221;200px&#8221; height_last_edited=&#8221;on|desktop&#8221; global_colors_info=&#8221;{}&#8221;][\/et_pb_divider][\/et_pb_column][\/et_pb_row][\/et_pb_section][et_pb_section fb_built=&#8221;1&#8243; admin_label=&#8221;Features&#8221; _builder_version=&#8221;4.9.11&#8243; background_color=&#8221;#f9f5f1&#8243; global_colors_info=&#8221;{}&#8221;][et_pb_row _builder_version=&#8221;4.4.3&#8243; global_colors_info=&#8221;{}&#8221;][et_pb_column type=&#8221;4_4&#8243; _builder_version=&#8221;4.4.3&#8243; global_colors_info=&#8221;{}&#8221;][et_pb_image src=&#8221;https:\/\/www.joventaoista.org\/wp-content\/uploads\/2021\/10\/EL-SIMVRE.jpg&#8221; title_text=&#8221;EL SIMVRE&#8221; url=&#8221;https:\/\/www.joventaoista.org\/el-simvre-la-mas-grande-vendisel\/&#8221; _builder_version=&#8221;4.9.11&#8243; global_colors_info=&#8221;{}&#8221;][\/et_pb_image][\/et_pb_column][\/et_pb_row][\/et_pb_section][et_pb_section fb_built=&#8221;1&#8243; admin_label=&#8221;Mission&#8221; _builder_version=&#8221;3.26.4&#8243; saved_tabs=&#8221;all&#8221; global_colors_info=&#8221;{}&#8221;][et_pb_row _builder_version=&#8221;4.9.11&#8243; global_colors_info=&#8221;{}&#8221;][et_pb_column type=&#8221;4_4&#8243; _builder_version=&#8221;3.26.4&#8243; global_colors_info=&#8221;{}&#8221;][et_pb_text _builder_version=&#8221;4.9.11&#8243; text_line_height=&#8221;2em&#8221; header_3_font=&#8221;Abril Fatface||||||||&#8221; header_3_font_size=&#8221;38px&#8221; header_3_line_height=&#8221;1.1em&#8221; header_3_font_size_tablet=&#8221;28px&#8221; header_3_font_size_phone=&#8221;18px&#8221; header_3_font_size_last_edited=&#8221;on|phone&#8221; locked=&#8221;off&#8221; global_colors_info=&#8221;{}&#8221;]<\/p>\n<div class=\"cue-playlist-container\">\n<div class=\"cue-playlist cue-theme-default\" itemscope itemtype=\"http:\/\/schema.org\/MusicPlaylist\">\n\t\n\t<meta itemprop=\"numTracks\" content=\"1\" \/>\n\n\t<audio src=\"https:\/\/sc10.conectarhosting.com\/proxy\/joventaoistaportal1?mp=\/stream\" controls preload=\"none\" class=\"cue-audio\" style=\"width: 100%; height: auto\"><\/audio>\n\n\t<ol class=\"cue-tracks\">\n\t\t\t\t\t<li class=\"cue-track\" itemprop=\"track\" itemscope itemtype=\"http:\/\/schema.org\/MusicRecording\">\n\t\t\t\t\n\t\t\t\t<span class=\"cue-track-details cue-track-cell\">\n\t\t\t\t\t<span class=\"cue-track-title\" itemprop=\"name\">Portal 1<\/span>\n\t\t\t\t\t<span class=\"cue-track-artist\" itemprop=\"byArtist\">Joven Tao\u00edsta<\/span>\n\t\t\t\t<\/span>\n\n\t\t\t\t\n\t\t\t\t<span class=\"cue-track-length cue-track-cell\"><\/span>\n\n\t\t\t\t\t\t\t<\/li>\n\t\t\t<\/ol>\n\n\t<\/div>\n\t\t<script type=\"application\/json\" class=\"cue-playlist-data\">{\"embed_link\":\"https:\\\/\\\/www.joventaoista.org\\\/eo\\\/?cue_embed=emisora-portal-1&cue_theme=default\",\"permalink\":\"https:\\\/\\\/www.joventaoista.org\\\/eo\\\/?cue_playlist=emisora-portal-1\",\"skin\":\"cue-skin-default\",\"thumbnail\":\"https:\\\/\\\/www.joventaoista.org\\\/wp-content\\\/uploads\\\/2020\\\/02\\\/emi-300x300.jpeg\",\"tracks\":[{\"artist\":\"Joven Tao\\u00edsta\",\"artworkId\":0,\"artworkUrl\":\"\",\"audioId\":0,\"audioUrl\":\"https:\\\/\\\/sc10.conectarhosting.com\\\/proxy\\\/joventaoistaportal1?mp=\\\/stream\",\"format\":\"\",\"length\":\"\",\"title\":\"Portal 1\",\"order\":0,\"meta\":{\"artist\":\"Joven Tao\\u00edsta\",\"length_formatted\":\"\"},\"src\":\"https:\\\/\\\/sc10.conectarhosting.com\\\/proxy\\\/joventaoistaportal1?mp=\\\/stream\",\"thumb\":{\"src\":\"\"}}]}<\/script>\n\t\t<\/div>\n<p>[\/et_pb_text][\/et_pb_column][\/et_pb_row][et_pb_row _builder_version=&#8221;3.26.4&#8243; global_colors_info=&#8221;{}&#8221;][et_pb_column type=&#8221;4_4&#8243; _builder_version=&#8221;3.26.4&#8243; global_colors_info=&#8221;{}&#8221;][et_pb_text _builder_version=&#8221;4.9.11&#8243; text_line_height=&#8221;2em&#8221; header_3_font=&#8221;Abril Fatface||||||||&#8221; header_3_font_size=&#8221;38px&#8221; header_3_line_height=&#8221;1.1em&#8221; max_width=&#8221;800px&#8221; header_3_font_size_tablet=&#8221;28px&#8221; header_3_font_size_phone=&#8221;18px&#8221; header_3_font_size_last_edited=&#8221;on|phone&#8221; locked=&#8221;off&#8221; global_colors_info=&#8221;{}&#8221;]<\/p>\n<h3>Portal 2<\/h3>\n<p><div class=\"cue-playlist-container\">\n<div class=\"cue-playlist cue-theme-default\" itemscope itemtype=\"http:\/\/schema.org\/MusicPlaylist\">\n\t\n\t<meta itemprop=\"numTracks\" content=\"1\" \/>\n\n\t<audio src=\"https:\/\/sc10.conectarhosting.com\/proxy\/joventaoistaportal2?mp=\/stream\" controls preload=\"none\" class=\"cue-audio\" style=\"width: 100%; height: auto\"><\/audio>\n\n\t<ol class=\"cue-tracks\">\n\t\t\t\t\t<li class=\"cue-track\" itemprop=\"track\" itemscope itemtype=\"http:\/\/schema.org\/MusicRecording\">\n\t\t\t\t\n\t\t\t\t<span class=\"cue-track-details cue-track-cell\">\n\t\t\t\t\t<span class=\"cue-track-title\" itemprop=\"name\">Portal 2<\/span>\n\t\t\t\t\t<span class=\"cue-track-artist\" itemprop=\"byArtist\">Joven Tao\u00edsta<\/span>\n\t\t\t\t<\/span>\n\n\t\t\t\t\n\t\t\t\t<span class=\"cue-track-length cue-track-cell\"><\/span>\n\n\t\t\t\t\t\t\t<\/li>\n\t\t\t<\/ol>\n\n\t<\/div>\n\t\t<script type=\"application\/json\" class=\"cue-playlist-data\">{\"embed_link\":\"https:\\\/\\\/www.joventaoista.org\\\/eo\\\/?cue_embed=emisora-portal-2&cue_theme=default\",\"permalink\":\"https:\\\/\\\/www.joventaoista.org\\\/eo\\\/?cue_playlist=emisora-portal-2\",\"skin\":\"cue-skin-default\",\"thumbnail\":\"https:\\\/\\\/www.joventaoista.org\\\/wp-content\\\/uploads\\\/2020\\\/02\\\/emisora-3-con-logo-300x300.jpeg\",\"tracks\":[{\"artist\":\"Joven Tao\\u00edsta\",\"artworkId\":0,\"artworkUrl\":\"\",\"audioId\":0,\"audioUrl\":\"https:\\\/\\\/sc10.conectarhosting.com\\\/proxy\\\/joventaoistaportal2?mp=\\\/stream\",\"format\":\"\",\"length\":\"\",\"title\":\"Portal 2\",\"order\":0,\"meta\":{\"artist\":\"Joven Tao\\u00edsta\",\"length_formatted\":\"\"},\"src\":\"https:\\\/\\\/sc10.conectarhosting.com\\\/proxy\\\/joventaoistaportal2?mp=\\\/stream\",\"thumb\":{\"src\":\"\"}}]}<\/script>\n\t\t<\/div>[\/et_pb_text][et_pb_text _builder_version=&#8221;4.9.11&#8243; text_line_height=&#8221;2em&#8221; header_3_font=&#8221;Abril Fatface||||||||&#8221; header_3_font_size=&#8221;38px&#8221; header_3_line_height=&#8221;1.1em&#8221; max_width=&#8221;800px&#8221; header_3_font_size_tablet=&#8221;28px&#8221; header_3_font_size_phone=&#8221;18px&#8221; header_3_font_size_last_edited=&#8221;on|phone&#8221; locked=&#8221;off&#8221; global_colors_info=&#8221;{}&#8221;]<\/p>\n<h3>Portal 3<\/h3>\n<div class=\"cue-playlist-container\">\n<div class=\"cue-playlist cue-theme-default\" itemscope itemtype=\"http:\/\/schema.org\/MusicPlaylist\">\n\t\n\t<meta itemprop=\"numTracks\" content=\"1\" \/>\n\n\t<audio src=\"https:\/\/sc10.conectarhosting.com\/proxy\/joventaoistaportal3?mp=\/stream\" controls preload=\"none\" class=\"cue-audio\" style=\"width: 100%; height: auto\"><\/audio>\n\n\t<ol class=\"cue-tracks\">\n\t\t\t\t\t<li class=\"cue-track\" itemprop=\"track\" itemscope itemtype=\"http:\/\/schema.org\/MusicRecording\">\n\t\t\t\t\n\t\t\t\t<span class=\"cue-track-details cue-track-cell\">\n\t\t\t\t\t<span class=\"cue-track-title\" itemprop=\"name\">Portal 3<\/span>\n\t\t\t\t\t<span class=\"cue-track-artist\" itemprop=\"byArtist\">Joven Tao\u00edsta<\/span>\n\t\t\t\t<\/span>\n\n\t\t\t\t\n\t\t\t\t<span class=\"cue-track-length cue-track-cell\"><\/span>\n\n\t\t\t\t\t\t\t<\/li>\n\t\t\t<\/ol>\n\n\t<\/div>\n\t\t<script type=\"application\/json\" class=\"cue-playlist-data\">{\"embed_link\":\"https:\\\/\\\/www.joventaoista.org\\\/eo\\\/?cue_embed=emisora-portal-3&cue_theme=default\",\"permalink\":\"https:\\\/\\\/www.joventaoista.org\\\/eo\\\/?cue_playlist=emisora-portal-3\",\"skin\":\"cue-skin-default\",\"thumbnail\":\"https:\\\/\\\/www.joventaoista.org\\\/wp-content\\\/uploads\\\/2020\\\/02\\\/emisora-3-300x300.jpeg\",\"tracks\":[{\"artist\":\"Joven Tao\\u00edsta\",\"artworkId\":0,\"artworkUrl\":\"\",\"audioId\":0,\"audioUrl\":\"https:\\\/\\\/sc10.conectarhosting.com\\\/proxy\\\/joventaoistaportal3?mp=\\\/stream\",\"format\":\"\",\"length\":\"\",\"title\":\"Portal 3\",\"order\":0,\"meta\":{\"artist\":\"Joven Tao\\u00edsta\",\"length_formatted\":\"\"},\"src\":\"https:\\\/\\\/sc10.conectarhosting.com\\\/proxy\\\/joventaoistaportal3?mp=\\\/stream\",\"thumb\":{\"src\":\"\"}}]}<\/script>\n\t\t<\/div>\n<p>[\/et_pb_text][et_pb_text _builder_version=&#8221;4.9.11&#8243; text_line_height=&#8221;2em&#8221; header_3_font=&#8221;Abril Fatface||||||||&#8221; header_3_font_size=&#8221;38px&#8221; header_3_line_height=&#8221;1.1em&#8221; max_width=&#8221;800px&#8221; header_3_font_size_tablet=&#8221;28px&#8221; header_3_font_size_phone=&#8221;18px&#8221; header_3_font_size_last_edited=&#8221;on|phone&#8221; locked=&#8221;off&#8221; global_colors_info=&#8221;{}&#8221;]<\/p>\n<h3>Respaldo en Vivo<\/h3>\n<div class=\"cue-playlist-container\">\n<div class=\"cue-playlist cue-theme-default\" itemscope itemtype=\"http:\/\/schema.org\/MusicPlaylist\">\n\t\n\t<meta itemprop=\"numTracks\" content=\"1\" \/>\n\n\t<audio src=\"https:\/\/server1.streamingradio.online\/proxy\/joventaoistaportal1\/stream\" controls preload=\"none\" class=\"cue-audio\" style=\"width: 100%; height: auto\"><\/audio>\n\n\t<ol class=\"cue-tracks\">\n\t\t\t\t\t<li class=\"cue-track\" itemprop=\"track\" itemscope itemtype=\"http:\/\/schema.org\/MusicRecording\">\n\t\t\t\t\n\t\t\t\t<span class=\"cue-track-details cue-track-cell\">\n\t\t\t\t\t<span class=\"cue-track-title\" itemprop=\"name\">Respaldo en Vivo<\/span>\n\t\t\t\t\t<span class=\"cue-track-artist\" itemprop=\"byArtist\">Joven Taoista<\/span>\n\t\t\t\t<\/span>\n\n\t\t\t\t\n\t\t\t\t<span class=\"cue-track-length cue-track-cell\"><\/span>\n\n\t\t\t\t\t\t\t<\/li>\n\t\t\t<\/ol>\n\n\t<\/div>\n\t\t<script type=\"application\/json\" class=\"cue-playlist-data\">{\"embed_link\":\"https:\\\/\\\/www.joventaoista.org\\\/eo\\\/?cue_embed=en-vivo&cue_theme=default\",\"permalink\":\"https:\\\/\\\/www.joventaoista.org\\\/eo\\\/?cue_playlist=en-vivo\",\"skin\":\"cue-skin-default\",\"thumbnail\":\"https:\\\/\\\/www.joventaoista.org\\\/wp-content\\\/uploads\\\/2022\\\/06\\\/WhatsApp-Image-2022-06-07-at-8.38.05-AM-300x300.jpeg\",\"tracks\":[{\"artist\":\"Joven Taoista\",\"artworkId\":0,\"artworkUrl\":\"\",\"audioId\":0,\"audioUrl\":\"https:\\\/\\\/server1.streamingradio.online\\\/proxy\\\/joventaoistaportal1\\\/stream\",\"format\":\"\",\"length\":\"\",\"title\":\"Respaldo en Vivo\",\"order\":0,\"meta\":{\"artist\":\"Joven Taoista\",\"length_formatted\":\"\"},\"src\":\"https:\\\/\\\/server1.streamingradio.online\\\/proxy\\\/joventaoistaportal1\\\/stream\",\"thumb\":{\"src\":\"\"}}]}<\/script>\n\t\t<\/div>\n<p>[\/et_pb_text][\/et_pb_column][\/et_pb_row][\/et_pb_section][et_pb_section fb_built=&#8221;1&#8243; admin_label=&#8221;Call to Action&#8221; _builder_version=&#8221;3.26.4&#8243; locked=&#8221;off&#8221; global_colors_info=&#8221;{}&#8221;][\/et_pb_section]<\/p>\n","protected":false},"excerpt":{"rendered":"<p>Emisora Joven Tao\u00edsta La emisora Joven Taoista es un espacio donde puedes encontrar la sabidur\u00eda Tao\u00edsta entregada por el Maestro Jah Kelium Zeus Induzeus, el Maestro Samael Joav Bathor Wehor siempre con el \u00e1nimo de mejorar la vida de los seres humanos, en su relaci\u00f3n con la naturaleza y el cosmos, comprender el proceso de [&hellip;]<\/p>\n","protected":false},"author":1,"featured_media":31351,"parent":0,"menu_order":0,"comment_status":"open","ping_status":"open","template":"","meta":{"_et_pb_use_builder":"on","_et_pb_old_content":"","_et_gb_content_width":"","footnotes":""},"class_list":["post-1112","page","type-page","status-publish","has-post-thumbnail","hentry"],"_links":{"self":[{"href":"https:\/\/www.joventaoista.org\/eo\/wp-json\/wp\/v2\/pages\/1112","targetHints":{"allow":["GET"]}}],"collection":[{"href":"https:\/\/www.joventaoista.org\/eo\/wp-json\/wp\/v2\/pages"}],"about":[{"href":"https:\/\/www.joventaoista.org\/eo\/wp-json\/wp\/v2\/types\/page"}],"author":[{"embeddable":true,"href":"https:\/\/www.joventaoista.org\/eo\/wp-json\/wp\/v2\/users\/1"}],"replies":[{"embeddable":true,"href":"https:\/\/www.joventaoista.org\/eo\/wp-json\/wp\/v2\/comments?post=1112"}],"version-history":[{"count":11,"href":"https:\/\/www.joventaoista.org\/eo\/wp-json\/wp\/v2\/pages\/1112\/revisions"}],"predecessor-version":[{"id":48946,"href":"https:\/\/www.joventaoista.org\/eo\/wp-json\/wp\/v2\/pages\/1112\/revisions\/48946"}],"wp:featuredmedia":[{"embeddable":true,"href":"https:\/\/www.joventaoista.org\/eo\/wp-json\/wp\/v2\/media\/31351"}],"wp:attachment":[{"href":"https:\/\/www.joventaoista.org\/eo\/wp-json\/wp\/v2\/media?parent=1112"}],"curies":[{"name":"wp","href":"https:\/\/api.w.org\/{rel}","templated":true}]}}