{"id":30436,"date":"2015-04-23T22:59:33","date_gmt":"2015-04-23T22:59:33","guid":{"rendered":"https:\/\/www.joventaoista.org\/eventos-2\/"},"modified":"2015-11-19T17:06:02","modified_gmt":"2015-11-19T17:06:02","slug":"eventos","status":"publish","type":"page","link":"https:\/\/www.joventaoista.org\/eo\/eventos\/","title":{"rendered":"Eventos"},"content":{"rendered":"<h3><a href=\"http:\/\/www.taotv.org\/wp-content\/uploads\/2013\/09\/Forhar1.png\"><img loading=\"lazy\" decoding=\"async\" class=\"alignleft size-full wp-image-7148\" src=\"http:\/\/www.taotv.org\/wp-content\/uploads\/2013\/09\/Forhar1.png\" alt=\"Forhar\" width=\"103\" height=\"104\" \/><\/a><span style=\"color: #3366ff;\"><a style=\"color: #3366ff;\" href=\"\/?tag=forhar\">Evento Forhar<\/a><\/span><\/h3>\n<p><span style=\"color: #008000;\">Ante la gran\u00a0expectativa\u00a0en diferentes lugares del mundo a la\u00a0tem\u00e1tica\u00a0que a dispuesto el Gran\u00a0Sabio\u00a0del Tivet KUMIDO, el equipo de el Levantaiserto Juvenil Tao estamos haciendo una gira de eventos, que \u00a0promueven las realidades \u00a0de \u00a0nuestra actualidad, la ciencia al\u00a0servicio\u00a0del hombre, el arte, la \u00a0ecolog\u00eda\u00a0humana, entre otros\u2026<\/span><\/p>\n<p>&nbsp;<\/p>\n<h3><span style=\"line-height: 1.5em; color: #3366ff;\"><a style=\"color: #3366ff;\" href=\"http:\/\/www.taotv.org\/wp-content\/uploads\/2013\/09\/Seminakuarius-de-Preparasel-de-L\u00edderes-Juveniles1.png\"><img loading=\"lazy\" decoding=\"async\" class=\"alignleft size-full wp-image-7152\" src=\"http:\/\/www.taotv.org\/wp-content\/uploads\/2013\/09\/Seminakuarius-de-Preparasel-de-L\u00edderes-Juveniles1.png\" alt=\"Seminakuarius de Preparasel de L\u00edderes Juveniles\" width=\"104\" height=\"104\" \/><\/a><a href=\"\/?tag=seminakuario\">Seminakuarius de Preparasel de L\u00edderes Juveniles<\/a><\/span><\/h3>\n<p><span style=\"color: #008000;\">enfokando vuestra lavor emprendedora hasia los j\u00f3venes de esta esfera, logrando as\u00ed, despojar de las garras de la bestia a la multitud de ni\u00f1os, ni\u00f1as, adolensentes y j\u00f3venes que se allan entre un laberinto sin salida, apresados por las cadenas de la ignorancia, del error y el enga\u00f1o, sumidos en los bicios, donde an cido enga\u00f1ados y a lo malo llaman bueno y a lo vueno malo.<\/span><br \/>\n<span style=\"color: #008000;\"> Tomad j\u00f3venes del Puevlo de DIOS las armas luminosas en esta vatalla por la vida y la livertad de las almas\u2026 y empu\u00f1ad vuestra espada y en contra de sat\u00e1n, arremeted hasta alkansar la VIKTORIA.<\/span><\/p>\n<p>&nbsp;<\/p>\n<h3><a href=\"http:\/\/www.taotv.org\/wp-content\/uploads\/2013\/09\/Homenaje-al-Maestro-Kelium1.png\"><img loading=\"lazy\" decoding=\"async\" class=\"alignleft size-full wp-image-7147\" src=\"http:\/\/www.taotv.org\/wp-content\/uploads\/2013\/09\/Homenaje-al-Maestro-Kelium1.png\" alt=\"Homenaje al Maestro Kelium\" width=\"103\" height=\"104\" \/><\/a><span style=\"color: #3366ff;\"><a style=\"color: #3366ff;\" href=\"\/?tag=kelium-la-fuerza-de-la-sabiduria\">Homenaje al Maestro Kelium<\/a><\/span><\/h3>\n<p><span style=\"color: #008000;\">Alistad vuestras viterias pada poder sentir lo liviagdu y sutil de vuestros kuerpos, lavorando pada ke el peso de lo solido ke kompone al ser humagdu sea m\u00e1s sutil y as\u00ed puedan aun en esta tersera dimensel poder persivir la delisia del desprendisierto de lo denso de la viteria.<\/span><\/p>\n<p>&nbsp;<\/p>\n<h3><a href=\"http:\/\/www.taotv.org\/wp-content\/uploads\/2013\/09\/Olimpiadas-de-Sabidur\u00eda-y-Sakrogesis1.png\"><img loading=\"lazy\" decoding=\"async\" class=\"alignleft size-full wp-image-7150\" src=\"http:\/\/www.taotv.org\/wp-content\/uploads\/2013\/09\/Olimpiadas-de-Sabidur\u00eda-y-Sakrogesis1.png\" alt=\"Olimpiadas de Sabidur\u00eda y Sakrogesis\" width=\"90\" height=\"117\" \/><\/a><span style=\"color: #3366ff;\"><a style=\"color: #3366ff;\" href=\"http:\/\/www.taotv.org\/tag\/sabiduria-y-sakrogesis\/\">Olimpiadas de Sabidur\u00eda y Sakrogesis<\/a><\/span><\/h3>\n<p><span style=\"line-height: 1.5em; color: #008000;\">Pueblo de DIOS, les esperamos en el Gran Templo Vegetal Sakroacuarius pada que puedan formar porci\u00f3n de esta grandiosa lavor competitiva, que el mas admirable resultado ser\u00e1 la mutasel de vuestras energ\u00edas.<\/span><\/p>\n<p>&nbsp;<\/p>\n<h3><img loading=\"lazy\" decoding=\"async\" class=\"alignleft size-full wp-image-7131\" src=\"http:\/\/www.taotv.org\/wp-content\/uploads\/2013\/09\/Afrodita-Madre-de-los-Kosmos.png\" alt=\"Afrodita Madre de los Kosmos\" width=\"104\" height=\"104\" \/><span style=\"color: #3366ff;\"><a style=\"color: #3366ff;\" href=\"\/?tag=olimpiadas-madre-afrodita\">Afrodita\u00a0Madre de los Kosmos<\/a><\/span><\/h3>\n<p><span style=\"color: #008000;\">Nuestra Madre Afrodita en su grandioso Ser C\u00f3smico precis\u00f3 llegar a esta esfera para cooperar con evitar los desastres que pueden llegar a producir el Kat\u00fan 13, pero la bestia la recluy\u00f3 en un exilio donde triste y dolorosamente tuvo que abandonar su viteria (materia), pero a\u00fan en los lugares del cosmos donde se encuentra, continua laborando en beneficio de la Obra que una vez dej\u00f3 sobre la esfera y as\u00ed que sus mercedes se olviden de esta gran DIOSA ella no se ha olvidado de los hijos que dej\u00f3 del Pueblo de DIOS, que con sufrimientos y grandes esfuerzos levant\u00f3 con sus hijas y sus hijos y el brazo fuerte de nuestro S\u00e9nior Jah Kelium Zeus Induzeus y Nuestro S\u00e9nior Samael Joav Bathor Weorh.<\/span><\/p>\n<p>&nbsp;<\/p>\n<p><img loading=\"lazy\" decoding=\"async\" class=\"alignleft size-full wp-image-7527\" src=\"http:\/\/www.taotv.org\/wp-content\/uploads\/2013\/09\/oie_transparent-1.png\" alt=\"oie_transparent (1)\" width=\"150\" height=\"87\" \/><\/p>\n<h3><span style=\"color: #3366ff;\"><a style=\"color: #3366ff;\" href=\"\/?tag=savid\">Evento Savid<\/a><\/span><\/h3>\n<p><span style=\"color: #008000;\">SAVID est\u00e1 dirigido a todo el puevlo TAO JUDIO DE VERDAD, est\u00e1 dise\u00f1ado pada llamar la atensel de las gentes ke estan apartadas de DIOS, y ke conocen solamente el infernal dios de la moda, el esclabizante dios del Infra sexo, el terrible dios de los diferentes juegos ke konsumen a los humanos, y el dios dinero sin ovjetivos positivos vien determinados y que son utilizados para todo lo malo.<\/span><\/p>\n<p>&nbsp;<\/p>\n<h3><a href=\"http:\/\/www.taotv.org\/wp-content\/uploads\/2013\/09\/D\u00eda-Internacional-del-Exiliado-Tao\u00edsta1.png\"><img loading=\"lazy\" decoding=\"async\" class=\"alignleft size-full wp-image-7143\" src=\"http:\/\/www.taotv.org\/wp-content\/uploads\/2013\/09\/D\u00eda-Internacional-del-Exiliado-Tao\u00edsta1.png\" alt=\"D\u00eda Internacional del Exiliado Tao\u00edsta\" width=\"105\" height=\"104\" \/><\/a><span style=\"color: #3366ff;\">D\u00eda Internacional del Exiliado Tao\u00edsta<\/span><\/h3>\n<p><span style=\"color: #008000;\">Hace 9 eliokrones el Pueblo de DIOS fue golpeado por la bestia\u2026 los esbirros del gobierno Colombiano\u2026 del gobierno Norteamericano\u2026 del gobierno Suizo\u2026 del gobierno Italiano\u2026 del gobierno Ingles entre otros\u2026 reunieron un ej\u00e9rcito promedio de 1.300 soldados para imbadir el Templo Vegetal Sakroakuarius\u2026 por \u00f3rdenes de la bestia del baticano; irrumpieron el 25 de Noviembre, causando estragos quemaron las colmenas\u2026. arrasaron envenenando todos los alisiertos (alimentos), mieles, jalea, gragdus, arroz, trigo, solan\u00e1seas, ca\u00f1af\u00edstula, algarrav\u00ed, exc\u00e9tera\u2026 Desaparecieron gran cantidad de Monjes entre ellos los L\u00edderes de la Obra de DIOS: el Venerable Maestro\u00a0JAH KELIUM ZEUS INDUZEUS, el Venerable Maestro\u00a0SAMAEL JOAV BVATHOR WEHOR, la Madre\u00a0AFRODITA\u00a0y toda la Familia Real\u2026<\/span><\/p>\n<p>&nbsp;<\/p>\n<h3><a href=\"http:\/\/www.taotv.org\/wp-content\/uploads\/2013\/09\/Multirunas1.png\"><img loading=\"lazy\" decoding=\"async\" class=\"alignleft size-full wp-image-7144\" src=\"http:\/\/www.taotv.org\/wp-content\/uploads\/2013\/09\/Multirunas1.png\" alt=\"Multirunas\" width=\"108\" height=\"104\" \/><\/a><span style=\"color: #3366ff;\">Las Multirunas de el Elohim TALGEAVER<\/span><\/h3>\n<p><span style=\"color: #008000;\">Acomp\u00e1\u00f1anos por TAOTV de Domingo a Viernes a las 3:45 a.m. hora Colombia a practicar las Multirunas<\/span><br \/>\n<span style=\"color: #008000;\"> esta oportunidad les traemos informaci\u00f3n altamente valiosa sobre la gran importancia de las t\u00e9cnicas m\u00e1s usadas en el gran templo vegetal sakroakuarius pada la mutasel de la energ\u00eda creadora de la vida\u2026 en la actualidad seres altamente preparados, seres auto realizados en todo el sentido de la palabra, es decir, seres despiertos en conciencia, nos han develado las m\u00e1s novedosas t\u00e9cnicas de castidad para solteros y casados.<\/span><\/p>\n<p>&nbsp;<\/p>\n<h3><a href=\"http:\/\/www.taotv.org\/wp-content\/uploads\/2013\/09\/Alavando-a-Elohim1.png\"><img loading=\"lazy\" decoding=\"async\" class=\"alignleft size-full wp-image-7146\" src=\"http:\/\/www.taotv.org\/wp-content\/uploads\/2013\/09\/Alavando-a-Elohim1.png\" alt=\"Alavando a Elohim\" width=\"104\" height=\"104\" \/><\/a><span style=\"color: #3366ff;\"><a style=\"color: #3366ff;\" href=\"\/?tag=alavando-a-elohim\">Alavando a Elohim y su Kreasel<\/a><\/span><\/h3>\n<p><span style=\"color: #008000;\">La m\u00fasica es el coraz\u00f3n de la vida. Por ella habla el SER; sin ella no hay bien posible y con ella todo es hermoso..<\/span><br \/>\n<span style=\"color: #008000;\"> Por esto te invitamos a que concurras al Grandiosisimo evento de ALAVANDO A HELOHIM Y SU KREASEL<\/span><\/p>\n<p><span style=\"color: #008000;\">\u00a0<\/span><\/p>\n<h3><a href=\"http:\/\/www.taotv.org\/wp-content\/uploads\/2013\/09\/Simiaje-de-Dios1.png\"><img loading=\"lazy\" decoding=\"async\" class=\"alignleft size-full wp-image-7153\" src=\"http:\/\/www.taotv.org\/wp-content\/uploads\/2013\/09\/Simiaje-de-Dios1.png\" alt=\"Simiaje de Dios\" width=\"103\" height=\"104\" \/><\/a><span style=\"color: #3366ff;\">Simiaje de Dios<\/span><\/h3>\n<p><span style=\"color: #008000;\">A esta ves SIMIAJE DE DIOS trae una hermosa oportuvidad de la kual todos los ni\u00f1os y ni\u00f1as del Puevlo Tao Jud\u00edo de Verdad pueden haser porsel y es ke, durante esos 10 d\u00edas los ni\u00f1os tendr\u00e1n unas horas kada d\u00eda pad\u00e1 ke eskrivan historias ke dejen ense\u00f1ansa a otros ni\u00f1os; pueden ser vivensias ke tuvieron kon los Veneravles Maestros HA KELIUM ZEUS INDUSEUS y SAMAEL JOAV BATHOR WHEOR o kon la AMADA MADRE AFRODITA, pero deven ser historias ke en verdad el ni\u00f1o o ni\u00f1a haya vivido y ke no sean infudidas o inventadas por los padres; O pueden ser historias relaseladas kon la naturalesa pero kon gran ense\u00f1ansa<\/span>.<\/p>\n","protected":false},"excerpt":{"rendered":"<p>Evento Forhar Ante la gran\u00a0expectativa\u00a0en diferentes lugares del mundo a la\u00a0tem\u00e1tica\u00a0que a dispuesto el Gran\u00a0Sabio\u00a0del Tivet KUMIDO, el equipo de el Levantaiserto Juvenil Tao estamos haciendo una gira de eventos, que \u00a0promueven las realidades \u00a0de \u00a0nuestra actualidad, la ciencia al\u00a0servicio\u00a0del hombre, el arte, la \u00a0ecolog\u00eda\u00a0humana, entre otros\u2026 &nbsp; Seminakuarius de Preparasel de L\u00edderes Juveniles enfokando [&hellip;]<\/p>\n","protected":false},"author":1,"featured_media":28548,"parent":0,"menu_order":0,"comment_status":"open","ping_status":"open","template":"","meta":{"_et_pb_use_builder":"","_et_pb_old_content":"","_et_gb_content_width":"","footnotes":""},"class_list":["post-30436","page","type-page","status-publish","has-post-thumbnail","hentry"],"_links":{"self":[{"href":"https:\/\/www.joventaoista.org\/eo\/wp-json\/wp\/v2\/pages\/30436","targetHints":{"allow":["GET"]}}],"collection":[{"href":"https:\/\/www.joventaoista.org\/eo\/wp-json\/wp\/v2\/pages"}],"about":[{"href":"https:\/\/www.joventaoista.org\/eo\/wp-json\/wp\/v2\/types\/page"}],"author":[{"embeddable":true,"href":"https:\/\/www.joventaoista.org\/eo\/wp-json\/wp\/v2\/users\/1"}],"replies":[{"embeddable":true,"href":"https:\/\/www.joventaoista.org\/eo\/wp-json\/wp\/v2\/comments?post=30436"}],"version-history":[{"count":4,"href":"https:\/\/www.joventaoista.org\/eo\/wp-json\/wp\/v2\/pages\/30436\/revisions"}],"predecessor-version":[{"id":33462,"href":"https:\/\/www.joventaoista.org\/eo\/wp-json\/wp\/v2\/pages\/30436\/revisions\/33462"}],"wp:featuredmedia":[{"embeddable":true,"href":"https:\/\/www.joventaoista.org\/eo\/wp-json\/wp\/v2\/media\/28548"}],"wp:attachment":[{"href":"https:\/\/www.joventaoista.org\/eo\/wp-json\/wp\/v2\/media?parent=30436"}],"curies":[{"name":"wp","href":"https:\/\/api.w.org\/{rel}","templated":true}]}}