{"id":46192,"date":"2020-02-19T17:26:56","date_gmt":"2020-02-19T17:26:56","guid":{"rendered":"https:\/\/www.joventaoista.org\/fuentes-de-panama\/"},"modified":"2020-02-21T05:28:45","modified_gmt":"2020-02-21T05:28:45","slug":"fuentes-de-panama","status":"publish","type":"page","link":"https:\/\/www.joventaoista.org\/eo\/fuentes-de-panama\/","title":{"rendered":"Fuentes de Panam\u00e1"},"content":{"rendered":"<p>[et_pb_section fb_built=&#8221;1&#8243; admin_label=&#8221;Header&#8221; _builder_version=&#8221;4.3.2&#8243; custom_padding=&#8221;7px||0px|||&#8221;][et_pb_row _builder_version=&#8221;3.25&#8243; custom_padding=&#8221;69px|||||&#8221;][et_pb_column type=&#8221;4_4&#8243; _builder_version=&#8221;3.25&#8243; custom_padding=&#8221;|||&#8221; custom_padding__hover=&#8221;|||&#8221;][et_pb_image src=&#8221;https:\/\/www.joventaoista.org\/wp-content\/uploads\/2020\/02\/nuevo.jpeg&#8221; url=&#8221;https:\/\/www.joventaoista.org\/&#8221; _builder_version=&#8221;4.3.2&#8243; hover_enabled=&#8221;0&#8243;][\/et_pb_image][\/et_pb_column][\/et_pb_row][\/et_pb_section][et_pb_section fb_built=&#8221;1&#8243; admin_label=&#8221;Testimonials&#8221; _builder_version=&#8221;3.22&#8243; custom_padding=&#8221;3px||2px|||&#8221; global_module=&#8221;45949&#8243;][et_pb_row column_structure=&#8221;1_5,3_5,1_5&#8243; _builder_version=&#8221;4.3.2&#8243; custom_padding=&#8221;||7px|||&#8221;][et_pb_column type=&#8221;1_5&#8243; _builder_version=&#8221;3.25&#8243; custom_padding=&#8221;|||&#8221; custom_padding__hover=&#8221;|||&#8221;][et_pb_image src=&#8221;https:\/\/www.joventaoista.org\/wp-content\/uploads\/2020\/02\/oie_transparent-1.png&#8221; _builder_version=&#8221;4.3.2&#8243;][\/et_pb_image][\/et_pb_column][et_pb_column type=&#8221;3_5&#8243; _builder_version=&#8221;3.25&#8243; custom_padding=&#8221;|||&#8221; custom_padding__hover=&#8221;|||&#8221;][et_pb_text _builder_version=&#8221;4.3.2&#8243; header_font=&#8221;Frank Ruhl Libre||||||||&#8221; header_text_align=&#8221;center&#8221; header_text_color=&#8221;rgba(26,0,82,0.7)&#8221; header_font_size=&#8221;36px&#8221; header_letter_spacing=&#8221;2px&#8221; custom_padding=&#8221;73px||38px|||&#8221;]<\/p>\n<h1 style=\"text-align: center;\">LEVANTASIERTO JUVENIL TAO<\/h1>\n<p>[\/et_pb_text][\/et_pb_column][et_pb_column type=&#8221;1_5&#8243; _builder_version=&#8221;3.25&#8243; custom_padding=&#8221;|||&#8221; custom_padding__hover=&#8221;|||&#8221;][et_pb_image src=&#8221;https:\/\/www.joventaoista.org\/wp-content\/uploads\/2020\/02\/oie_transparent-1-2.png&#8221; align=&#8221;center&#8221; _builder_version=&#8221;4.3.2&#8243;][\/et_pb_image][\/et_pb_column][\/et_pb_row][\/et_pb_section][et_pb_section fb_built=&#8221;1&#8243; admin_label=&#8221;Blog&#8221; _builder_version=&#8221;4.3.2&#8243; custom_padding=&#8221;7px||128px|||&#8221;][et_pb_row _builder_version=&#8221;4.3.2&#8243;][et_pb_column type=&#8221;4_4&#8243; _builder_version=&#8221;3.25&#8243; custom_padding=&#8221;|||&#8221; custom_padding__hover=&#8221;|||&#8221;][et_pb_text _builder_version=&#8221;4.3.2&#8243; header_2_font=&#8221;Nunito|800||on|||||&#8221; header_2_text_color=&#8221;#0C71C3&#8243; header_2_font_size=&#8221;41px&#8221; header_2_letter_spacing=&#8221;7px&#8221;]<\/p>\n<h2 style=\"text-align: center;\"><strong>Fuentes de Panam\u00e1<\/strong><\/h2>\n<p>[\/et_pb_text][\/et_pb_column][\/et_pb_row][et_pb_row column_structure=&#8221;3_5,2_5&#8243; _builder_version=&#8221;4.3.2&#8243;][et_pb_column type=&#8221;3_5&#8243; _builder_version=&#8221;4.3.2&#8243;][et_pb_text _builder_version=&#8221;4.3.2&#8243;]<\/p>\n<h2 style=\"text-align: center;\"><\/h2>\n<p style=\"text-align: center;\"><strong><span style=\"color: #0000ff;\">Cocl\u00e9<\/span><\/strong><br \/><span style=\"color: #0000ff;\"> Fuente Casa solar de fuego Haravaikel<\/span><br \/><span style=\"color: #0000ff;\"> Chir\u00fa, Anton<\/span><br \/><span style=\"color: #0000ff;\"> 69769746<\/span><br \/><span style=\"color: #0000ff;\"> Maestro Haremkedi<\/span><\/p>\n<p>[\/et_pb_text][\/et_pb_column][et_pb_column type=&#8221;2_5&#8243; _builder_version=&#8221;4.3.2&#8243;][et_pb_text _builder_version=&#8221;4.3.2&#8243;]<iframe loading=\"lazy\" src=\"https:\/\/www.google.com\/maps\/embed?pb=!1m18!1m12!1m3!1d102792.82009726619!2d-80.28803568042184!3d8.377614767193334!2m3!1f0!2f0!3f0!3m2!1i1024!2i768!4f13.1!3m3!1m2!1s0x8fac537ffb823c23%3A0x636ab0f942da2c55!2zRWwgQ2hpcsO6LCBQYW5hbcOh!5e1!3m2!1ses!2ssv!4v1582174279429!5m2!1ses!2ssv\" width=\"600\" height=\"250\" frameborder=\"0\" style=\"border:0;\" allowfullscreen=\"\"><\/iframe>[\/et_pb_text][\/et_pb_column][\/et_pb_row][\/et_pb_section][et_pb_section fb_built=&#8221;1&#8243; admin_label=&#8221;Subscribe&#8221; _builder_version=&#8221;4.3.2&#8243; background_color=&#8221;#f4f4f4&#8243; background_enable_image=&#8221;off&#8221; custom_margin=&#8221;|5%|5%|5%||true&#8221; custom_margin_tablet=&#8221;|0%|0%|0%||true&#8221; custom_margin_phone=&#8221;&#8221; custom_margin_last_edited=&#8221;on|desktop&#8221; custom_padding=&#8221;80px||80px||true&#8221;][et_pb_row _builder_version=&#8221;3.25&#8243; custom_padding=&#8221;0px||0px||true&#8221;][et_pb_column type=&#8221;4_4&#8243; _builder_version=&#8221;3.25&#8243; custom_padding=&#8221;|||&#8221; custom_padding__hover=&#8221;|||&#8221;][et_pb_signup mailchimp_list=&#8221;add_new_account&#8221; title=&#8221;Subscribete &#8221; description=&#8221;<\/p>\n<h3>A Nuestro Boletin Informativo<\/h3>\n<p>&#8221; _builder_version=&#8221;4.3.2&#8243; header_font=&#8221;Nunito|800|||||||&#8221; header_font_size=&#8221;37px&#8221; header_letter_spacing=&#8221;5px&#8221; header_line_height=&#8221;2.2em&#8221; use_background_color_gradient=&#8221;on&#8221; background_color_gradient_start=&#8221;rgba(131,0,233,0.5)&#8221; background_color_gradient_end=&#8221;#5a3163&#8243;][\/et_pb_signup][et_pb_text _builder_version=&#8221;4.3.2&#8243;][\/et_pb_text][\/et_pb_column][\/et_pb_row][\/et_pb_section]<\/p>\n","protected":false},"excerpt":{"rendered":"<p>LEVANTASIERTO JUVENIL TAOFuentes de Panam\u00e1 Cocl\u00e9 Fuente Casa solar de fuego Haravaikel Chir\u00fa, Anton 69769746 Maestro Haremkedi<\/p>\n","protected":false},"author":1,"featured_media":0,"parent":0,"menu_order":0,"comment_status":"closed","ping_status":"closed","template":"","meta":{"_et_pb_use_builder":"on","_et_pb_old_content":"","_et_gb_content_width":"","footnotes":""},"class_list":["post-46192","page","type-page","status-publish","hentry"],"_links":{"self":[{"href":"https:\/\/www.joventaoista.org\/eo\/wp-json\/wp\/v2\/pages\/46192","targetHints":{"allow":["GET"]}}],"collection":[{"href":"https:\/\/www.joventaoista.org\/eo\/wp-json\/wp\/v2\/pages"}],"about":[{"href":"https:\/\/www.joventaoista.org\/eo\/wp-json\/wp\/v2\/types\/page"}],"author":[{"embeddable":true,"href":"https:\/\/www.joventaoista.org\/eo\/wp-json\/wp\/v2\/users\/1"}],"replies":[{"embeddable":true,"href":"https:\/\/www.joventaoista.org\/eo\/wp-json\/wp\/v2\/comments?post=46192"}],"version-history":[{"count":1,"href":"https:\/\/www.joventaoista.org\/eo\/wp-json\/wp\/v2\/pages\/46192\/revisions"}],"predecessor-version":[{"id":46194,"href":"https:\/\/www.joventaoista.org\/eo\/wp-json\/wp\/v2\/pages\/46192\/revisions\/46194"}],"wp:attachment":[{"href":"https:\/\/www.joventaoista.org\/eo\/wp-json\/wp\/v2\/media?parent=46192"}],"curies":[{"name":"wp","href":"https:\/\/api.w.org\/{rel}","templated":true}]}}